{"id":15,"date":"2023-02-27T12:28:32","date_gmt":"2023-02-27T12:28:32","guid":{"rendered":"http:\/\/marmarahavalandirma.com\/?page_id=15"},"modified":"2023-03-02T10:56:41","modified_gmt":"2023-03-02T10:56:41","slug":"hizmetlerimiz","status":"publish","type":"page","link":"http:\/\/marmarahavalandirma.com\/?page_id=15","title":{"rendered":"H\u0130ZMETLER\u0130M\u0130Z"},"content":{"rendered":"<h5 style=\"text-align: left;\" align=\"center\">\u00a0 \u00a0 \u00a0 \u00a0Her biri alan\u0131nda uzman end\u00fcstriye ve m\u00fchendislik dallar\u0131nda profesyonelce yeti\u015fmi\u015f, saha ve piyasa tecr\u00fcbelerine sahip, mevzuatlara uygun projeler \u00fcreterek hayata ge\u00e7iren uzman kadrolar\u0131m\u0131zla ve sekt\u00f6r i\u00e7erisinde verilen hizmetler \u00f6nc\u00fcl\u00fc\u011f\u00fcnde do\u011fru analizler yaparak, piyasan\u0131n toplumsal sorumlulu\u011funun bilincinde geli\u015fen teknolojiye ayak uyduran, yenilik\u00e7i bir olu\u015fum i\u00e7inde sizlerin hizmetinizdeyiz.<\/h5>\n<div align=\"center\">\n<table border=\"0\" width=\"941\">\n<tbody>\n<tr>\n<td colspan=\"2\"><\/td>\n<\/tr>\n<tr>\n<td width=\"478\">\n<ul>\n<li>HAVALANDIRMA S\u0130STEMLER\u0130<\/li>\n<li>FABR\u0130KA HAVALANDIRMA<\/li>\n<li>RESTORAN HAVALANDIRMA<\/li>\n<li>TSE BELGEL\u0130 BACA S\u0130STEMLER\u0130<\/li>\n<li>DUMAN EGZOZ FAN \u0130MALATI<\/li>\n<li>FAN ROTOR \u0130MALATI<\/li>\n<li>FAN \u0130MALATI<\/li>\n<li>RAM BACALARI<\/li>\n<li>TOZ TOPLAMA S\u0130STEMLER\u0130<\/li>\n<li>KL\u0130MA SANTRALLER\u0130<\/li>\n<li>TES\u0130SAT \u0130ZOLASYONU<\/li>\n<li>END\u00dcSTR\u0130YEL HAVALANDIRMA S\u0130STEMLER\u0130<\/li>\n<li>ISITMA S\u0130STEMLER\u0130<\/li>\n<li>SO\u011eUTMA S\u0130STEMLER\u0130<\/li>\n<li>\u00d6ZEL PAR\u00c7A \u0130MALATI<\/li>\n<\/ul>\n<\/td>\n<td width=\"453\">\n<ul>\n<li>MAK\u0130NE ONARIM VE YEN\u0130LEME<\/li>\n<li>EKONOM\u0130ZER BACALARI<\/li>\n<li>\u0130KL\u0130MLEND\u0130RME S\u0130STEMLER\u0130<\/li>\n<li>HAVA KANALI UYGULAMALARI<\/li>\n<li>MUTFAK HAVALANDIRMA VE BACA S\u0130STEMLER\u0130<\/li>\n<li>DAVLUMBAZ VE BACALARI<\/li>\n<li>DAMPERLER VE KLEPELER<\/li>\n<li>BAKIM VE ONARIM<\/li>\n<li>PROJE UYGULAMA<\/li>\n<li>S\u0130L\u0130ND\u0130R\u0130K TANK \u0130MALATI<\/li>\n<li>PPR BORU MONTAJI VE KAYNA\u011eI<\/li>\n<li>FLAN\u015e \u0130MALATI<\/li>\n<li>SIVAMA \u0130MALATI<\/li>\n<li>BORU VE SERPAT\u0130N KIVIRMA<\/li>\n<li>KELEP\u00c7E \u0130MALATI<\/li>\n<\/ul>\n<\/td>\n<\/tr>\n<\/tbody>\n<\/table>\n<\/div>\n<p>&nbsp;<\/p>\n","protected":false},"excerpt":{"rendered":"<p>\u00a0 \u00a0 \u00a0 \u00a0Her biri alan\u0131nda uzman end\u00fcstriye ve m\u00fchendislik dallar\u0131nda profesyonelce yeti\u015fmi\u015f, saha ve piyasa tecr\u00fcbelerine sahip, mevzuatlara uygun projeler \u00fcreterek hayata ge\u00e7iren uzman kadrolar\u0131m\u0131zla ve sekt\u00f6r i\u00e7erisinde verilen hizmetler \u00f6nc\u00fcl\u00fc\u011f\u00fcnde do\u011fru analizler yaparak, piyasan\u0131n toplumsal sorumlulu\u011funun bilincinde geli\u015fen teknolojiye ayak uyduran, yenilik\u00e7i bir olu\u015fum i\u00e7inde sizlerin hizmetinizdeyiz. HAVALANDIRMA S\u0130STEMLER\u0130 FABR\u0130KA HAVALANDIRMA RESTORAN HAVALANDIRMA [&hellip;]<\/p>\n","protected":false},"author":1,"featured_media":0,"parent":0,"menu_order":0,"comment_status":"closed","ping_status":"closed","template":"","meta":{"footnotes":""},"class_list":["post-15","page","type-page","status-publish","hentry"],"_links":{"self":[{"href":"http:\/\/marmarahavalandirma.com\/index.php?rest_route=\/wp\/v2\/pages\/15","targetHints":{"allow":["GET"]}}],"collection":[{"href":"http:\/\/marmarahavalandirma.com\/index.php?rest_route=\/wp\/v2\/pages"}],"about":[{"href":"http:\/\/marmarahavalandirma.com\/index.php?rest_route=\/wp\/v2\/types\/page"}],"author":[{"embeddable":true,"href":"http:\/\/marmarahavalandirma.com\/index.php?rest_route=\/wp\/v2\/users\/1"}],"replies":[{"embeddable":true,"href":"http:\/\/marmarahavalandirma.com\/index.php?rest_route=%2Fwp%2Fv2%2Fcomments&post=15"}],"version-history":[{"count":12,"href":"http:\/\/marmarahavalandirma.com\/index.php?rest_route=\/wp\/v2\/pages\/15\/revisions"}],"predecessor-version":[{"id":336,"href":"http:\/\/marmarahavalandirma.com\/index.php?rest_route=\/wp\/v2\/pages\/15\/revisions\/336"}],"wp:attachment":[{"href":"http:\/\/marmarahavalandirma.com\/index.php?rest_route=%2Fwp%2Fv2%2Fmedia&parent=15"}],"curies":[{"name":"wp","href":"https:\/\/api.w.org\/{rel}","templated":true}]}}