{"id":17,"date":"2023-02-27T12:28:45","date_gmt":"2023-02-27T12:28:45","guid":{"rendered":"http:\/\/marmarahavalandirma.com\/?page_id=17"},"modified":"2023-03-02T10:54:54","modified_gmt":"2023-03-02T10:54:54","slug":"referanslarimiz","status":"publish","type":"page","link":"http:\/\/marmarahavalandirma.com\/?page_id=17","title":{"rendered":"REFERANSLARIMIZ"},"content":{"rendered":"<p>&nbsp;<\/p>\n<div align=\"center\">\n<table cellspacing=\"0\" cellpadding=\"0\">\n<tbody>\n<tr>\n<td width=\"281\" height=\"20\">\n<ul>\n<li>\u015e\u0131k Makas<\/li>\n<\/ul>\n<\/td>\n<td width=\"306\">\n<ul>\n<li>Dal Teknik<\/li>\n<\/ul>\n<\/td>\n<td width=\"260\">\n<ul>\n<li>Danger Burger<\/li>\n<\/ul>\n<\/td>\n<\/tr>\n<tr>\n<td height=\"20\">\n<ul>\n<li>Pilsan<\/li>\n<\/ul>\n<\/td>\n<td>\n<ul>\n<li>Soydan<\/li>\n<\/ul>\n<\/td>\n<td>\n<ul>\n<li>Altana<\/li>\n<\/ul>\n<\/td>\n<\/tr>\n<tr>\n<td height=\"20\">\n<ul>\n<li>Dinarsu<\/li>\n<\/ul>\n<\/td>\n<td>\n<ul>\n<li>G\u00fclle Tekstil<\/li>\n<\/ul>\n<\/td>\n<td>\n<ul>\n<li>Kiray Kimya<\/li>\n<\/ul>\n<\/td>\n<\/tr>\n<tr>\n<td height=\"20\">\n<ul>\n<li>Arfen<\/li>\n<\/ul>\n<\/td>\n<td>\n<ul>\n<li>Termo Mekanik<\/li>\n<\/ul>\n<\/td>\n<td>\n<ul>\n<li>Sel\u00e7uk Ecza<\/li>\n<\/ul>\n<\/td>\n<\/tr>\n<tr>\n<td height=\"20\">\n<ul>\n<li>Siteks<\/li>\n<\/ul>\n<\/td>\n<td>\n<ul>\n<li>Antik Dantel<\/li>\n<\/ul>\n<\/td>\n<td>\n<ul>\n<li>Bat\u0131 K\u00f6m\u00fcr<\/li>\n<\/ul>\n<\/td>\n<\/tr>\n<tr>\n<td height=\"20\">\n<ul>\n<li>Alcas<\/li>\n<\/ul>\n<\/td>\n<td>\n<ul>\n<li>Es Makina<\/li>\n<\/ul>\n<\/td>\n<td>\n<ul>\n<li>Akkanat Holding<\/li>\n<\/ul>\n<\/td>\n<\/tr>\n<tr>\n<td height=\"20\">\n<ul>\n<li>Ode<\/li>\n<\/ul>\n<\/td>\n<td>\n<ul>\n<li>Sunteks<\/li>\n<\/ul>\n<\/td>\n<td>\n<ul>\n<li>Densel Tours<\/li>\n<\/ul>\n<\/td>\n<\/tr>\n<tr>\n<td height=\"20\">\n<ul>\n<li>Weger<\/li>\n<\/ul>\n<\/td>\n<td>\n<ul>\n<li>Securitas<\/li>\n<\/ul>\n<\/td>\n<td>\n<ul>\n<li>Tempa Teknik<\/li>\n<\/ul>\n<\/td>\n<\/tr>\n<tr>\n<td height=\"20\">\n<ul>\n<li>Garanti \u0130plik<\/li>\n<\/ul>\n<\/td>\n<td>\n<ul>\n<li>Tr Makina<\/li>\n<\/ul>\n<\/td>\n<td>\n<ul>\n<li>Efor \u0130n\u015faat<\/li>\n<\/ul>\n<\/td>\n<\/tr>\n<tr>\n<td height=\"20\">\n<ul>\n<li>\u00d6nc\u00fc Grup<\/li>\n<\/ul>\n<\/td>\n<td>\n<ul>\n<li>Nurteks<\/li>\n<\/ul>\n<\/td>\n<td>\n<ul>\n<li>Delta Kimyasal<\/li>\n<\/ul>\n<\/td>\n<\/tr>\n<tr>\n<td height=\"20\">\n<ul>\n<li>Sistem Al\u00fcminyum<\/li>\n<\/ul>\n<\/td>\n<td>\n<ul>\n<li>\u00d6nceller<\/li>\n<\/ul>\n<\/td>\n<td>\n<ul>\n<li>Bind<\/li>\n<\/ul>\n<\/td>\n<\/tr>\n<tr>\n<td height=\"20\">\n<ul>\n<li>Okyanus Al\u00fcminyum<\/li>\n<\/ul>\n<\/td>\n<td>\n<ul>\n<li>Ms Pharma<\/li>\n<\/ul>\n<\/td>\n<td>\n<ul>\n<li>Flo Kontrol<\/li>\n<\/ul>\n<\/td>\n<\/tr>\n<tr>\n<td height=\"20\">\n<ul>\n<li>Asistal<\/li>\n<\/ul>\n<\/td>\n<td>\n<ul>\n<li>Royal Havac<\/li>\n<\/ul>\n<\/td>\n<td>\n<ul>\n<li>Metamin<\/li>\n<\/ul>\n<\/td>\n<\/tr>\n<tr>\n<td height=\"20\">\n<ul>\n<li>Bm Color<\/li>\n<\/ul>\n<\/td>\n<td>\n<ul>\n<li>Tilya Estetik<\/li>\n<\/ul>\n<\/td>\n<td>\n<ul>\n<li>Boz Kimya<\/li>\n<\/ul>\n<\/td>\n<\/tr>\n<tr>\n<td height=\"20\">\n<ul>\n<li>Veskim<\/li>\n<\/ul>\n<\/td>\n<td>\n<ul>\n<li>Reform Sports<\/li>\n<\/ul>\n<\/td>\n<td>\n<ul>\n<li>Bantsan Konveyor<\/li>\n<\/ul>\n<\/td>\n<\/tr>\n<tr>\n<td height=\"20\">\n<ul>\n<li>Akpa Kimya<\/li>\n<\/ul>\n<\/td>\n<td>\n<ul>\n<li>Fiesta<\/li>\n<\/ul>\n<\/td>\n<td>\n<ul>\n<li>Beybo<\/li>\n<\/ul>\n<\/td>\n<\/tr>\n<tr>\n<td height=\"20\">\n<ul>\n<li>Balc\u0131o\u011flu<\/li>\n<\/ul>\n<\/td>\n<td>\n<ul>\n<li>Metro Poltul<\/li>\n<\/ul>\n<\/td>\n<td>\n<ul>\n<li>Kale \u0130plik<\/li>\n<\/ul>\n<\/td>\n<\/tr>\n<tr>\n<td height=\"20\">\n<ul>\n<li>Veritas<\/li>\n<\/ul>\n<\/td>\n<td>\n<ul>\n<li>Ak\u00e7an Di\u015fli<\/li>\n<\/ul>\n<\/td>\n<td>\n<ul>\n<li>Detaymak<\/li>\n<\/ul>\n<\/td>\n<\/tr>\n<tr>\n<td height=\"20\">\n<ul>\n<li>Adal\u0131 Kau\u00e7uk<\/li>\n<\/ul>\n<\/td>\n<td>\n<ul>\n<li>Eren Tekstil<\/li>\n<\/ul>\n<\/td>\n<td>\n<ul>\n<li>Acan Machine<\/li>\n<\/ul>\n<\/td>\n<\/tr>\n<tr>\n<td height=\"20\">\n<ul>\n<li>Teyvas<\/li>\n<\/ul>\n<\/td>\n<td>\n<ul>\n<li>Ronly G\u0131da<\/li>\n<\/ul>\n<\/td>\n<td>\n<ul>\n<li>Birlik Ba\u011flant\u0131<\/li>\n<\/ul>\n<\/td>\n<\/tr>\n<tr>\n<td height=\"20\">\n<ul>\n<li>Tek A\u011fa\u00e7<\/li>\n<\/ul>\n<\/td>\n<td>\n<ul>\n<li>Bisam<\/li>\n<\/ul>\n<\/td>\n<td>\n<ul>\n<li>Polen G\u0131da<\/li>\n<\/ul>\n<\/td>\n<\/tr>\n<tr>\n<td height=\"20\">\n<ul>\n<li>U\u011fur Elyaf<\/li>\n<\/ul>\n<\/td>\n<td>\n<ul>\n<li>\u00d6zyurt<\/li>\n<\/ul>\n<\/td>\n<td>\n<ul>\n<li>Hefa Deri<\/li>\n<\/ul>\n<\/td>\n<\/tr>\n<tr>\n<td height=\"20\">\n<ul>\n<li>Orsan<\/li>\n<\/ul>\n<\/td>\n<td>\n<ul>\n<li>Aktun Ah\u015fap<\/li>\n<\/ul>\n<\/td>\n<td>\n<ul>\n<li>Napa Grup<\/li>\n<\/ul>\n<\/td>\n<\/tr>\n<tr>\n<td height=\"20\">\n<ul>\n<li>Teko<\/li>\n<\/ul>\n<\/td>\n<td>\n<ul>\n<li>Petkus<\/li>\n<\/ul>\n<\/td>\n<td>\n<ul>\n<li>Can \u00d6zel Sa\u011fl\u0131k<\/li>\n<\/ul>\n<\/td>\n<\/tr>\n<tr>\n<td height=\"20\">\n<ul>\n<li>Murat Yap\u0131<\/li>\n<\/ul>\n<\/td>\n<td>\n<ul>\n<li>\u0130ridere Kimya<\/li>\n<\/ul>\n<\/td>\n<td>\n<ul>\n<li>Enka Gravur<\/li>\n<\/ul>\n<\/td>\n<\/tr>\n<tr>\n<td height=\"20\">\n<ul>\n<li>Desa<\/li>\n<\/ul>\n<\/td>\n<td>\n<ul>\n<li>Trakya Tar\u0131m<\/li>\n<\/ul>\n<\/td>\n<td>\n<ul>\n<li>Contital<\/li>\n<\/ul>\n<\/td>\n<\/tr>\n<tr>\n<td height=\"20\">\n<ul>\n<li>Migiboy<\/li>\n<\/ul>\n<\/td>\n<td>\n<ul>\n<li>Mayasit<\/li>\n<\/ul>\n<\/td>\n<td>\n<ul>\n<li>Kaiser Tekstil<\/li>\n<\/ul>\n<\/td>\n<\/tr>\n<tr>\n<td height=\"20\">\n<ul>\n<li>Cansan \u0130plik<\/li>\n<\/ul>\n<\/td>\n<td>\n<ul>\n<li>Permak<\/li>\n<\/ul>\n<\/td>\n<td>\n<ul>\n<li>Gammapak<\/li>\n<\/ul>\n<\/td>\n<\/tr>\n<tr>\n<td height=\"20\">\n<ul>\n<li>Pal Plastik<\/li>\n<\/ul>\n<\/td>\n<td>\n<ul>\n<li>Hali\u00e7 Oto<\/li>\n<\/ul>\n<\/td>\n<td>\n<ul>\n<li>Feyzan<\/li>\n<\/ul>\n<\/td>\n<\/tr>\n<tr>\n<td height=\"20\">\n<ul>\n<li>G\u00fcney Elyaf<\/li>\n<\/ul>\n<\/td>\n<td>\n<ul>\n<li>Polilux<\/li>\n<\/ul>\n<\/td>\n<td>\n<ul>\n<li>Kenan Metal<\/li>\n<\/ul>\n<\/td>\n<\/tr>\n<tr>\n<td height=\"20\">\n<ul>\n<li>Cinnagen \u0130la\u00e7<\/li>\n<\/ul>\n<\/td>\n<td>\n<ul>\n<li>Yonca Plastik<\/li>\n<\/ul>\n<\/td>\n<td><\/td>\n<\/tr>\n<\/tbody>\n<\/table>\n<\/div>\n<p>&nbsp;<\/p>\n","protected":false},"excerpt":{"rendered":"<p>&nbsp; \u015e\u0131k Makas Dal Teknik Danger Burger Pilsan Soydan Altana Dinarsu G\u00fclle Tekstil Kiray Kimya Arfen Termo Mekanik Sel\u00e7uk Ecza Siteks Antik Dantel Bat\u0131 K\u00f6m\u00fcr Alcas Es Makina Akkanat Holding Ode Sunteks Densel Tours Weger Securitas Tempa Teknik Garanti \u0130plik Tr Makina Efor \u0130n\u015faat \u00d6nc\u00fc Grup Nurteks Delta Kimyasal Sistem Al\u00fcminyum \u00d6nceller Bind Okyanus Al\u00fcminyum [&hellip;]<\/p>\n","protected":false},"author":1,"featured_media":0,"parent":0,"menu_order":0,"comment_status":"closed","ping_status":"closed","template":"","meta":{"footnotes":""},"class_list":["post-17","page","type-page","status-publish","hentry"],"_links":{"self":[{"href":"http:\/\/marmarahavalandirma.com\/index.php?rest_route=\/wp\/v2\/pages\/17","targetHints":{"allow":["GET"]}}],"collection":[{"href":"http:\/\/marmarahavalandirma.com\/index.php?rest_route=\/wp\/v2\/pages"}],"about":[{"href":"http:\/\/marmarahavalandirma.com\/index.php?rest_route=\/wp\/v2\/types\/page"}],"author":[{"embeddable":true,"href":"http:\/\/marmarahavalandirma.com\/index.php?rest_route=\/wp\/v2\/users\/1"}],"replies":[{"embeddable":true,"href":"http:\/\/marmarahavalandirma.com\/index.php?rest_route=%2Fwp%2Fv2%2Fcomments&post=17"}],"version-history":[{"count":10,"href":"http:\/\/marmarahavalandirma.com\/index.php?rest_route=\/wp\/v2\/pages\/17\/revisions"}],"predecessor-version":[{"id":333,"href":"http:\/\/marmarahavalandirma.com\/index.php?rest_route=\/wp\/v2\/pages\/17\/revisions\/333"}],"wp:attachment":[{"href":"http:\/\/marmarahavalandirma.com\/index.php?rest_route=%2Fwp%2Fv2%2Fmedia&parent=17"}],"curies":[{"name":"wp","href":"https:\/\/api.w.org\/{rel}","templated":true}]}}