{"id":21,"date":"2023-02-27T12:29:14","date_gmt":"2023-02-27T12:29:14","guid":{"rendered":"http:\/\/marmarahavalandirma.com\/?page_id=21"},"modified":"2023-03-02T12:12:30","modified_gmt":"2023-03-02T12:12:30","slug":"iletisim-ulasim","status":"publish","type":"page","link":"http:\/\/marmarahavalandirma.com\/?page_id=21","title":{"rendered":"\u0130LET\u0130\u015e\u0130M &#038; ULA\u015eIM"},"content":{"rendered":"<p style=\"text-align: center;\"><img loading=\"lazy\" decoding=\"async\" class=\"alignnone wp-image-158\" src=\"http:\/\/marmarahavalandirma.com\/wp-content\/uploads\/2023\/02\/ContactUsBanner.png\" alt=\"\" width=\"626\" height=\"238\" srcset=\"http:\/\/marmarahavalandirma.com\/wp-content\/uploads\/2023\/02\/ContactUsBanner.png 820w, http:\/\/marmarahavalandirma.com\/wp-content\/uploads\/2023\/02\/ContactUsBanner-300x114.png 300w, http:\/\/marmarahavalandirma.com\/wp-content\/uploads\/2023\/02\/ContactUsBanner-768x292.png 768w\" sizes=\"auto, (max-width: 626px) 100vw, 626px\" \/><\/p>\n<p style=\"text-align: center;\"><a href=\"https:\/\/www.google.com\/maps\/place\/MARMARA+HAVALANDIRMA\/@41.165349,27.798429,16z\/data=!4m5!3m4!1s0x0:0x77d1b23ab5843a3d!8m2!3d41.1653492!4d27.798429?hl=tr\">Cemaliye Mh. Fatih Cd. No : 25\/A<\/a><br \/>\n<a href=\"https:\/\/www.google.com\/maps\/place\/MARMARA+HAVALANDIRMA\/@41.165349,27.798429,16z\/data=!4m5!3m4!1s0x0:0x77d1b23ab5843a3d!8m2!3d41.1653492!4d27.798429?hl=tr\">\u00c7ORLU \/ Tekirda\u011f<\/a><\/p>\n<p style=\"text-align: center;\"><a href=\"tel:+902826514600\">+90 282 651 4600<\/a><br \/>\n<a href=\"tel:+905464558835\" target=\"_blank\" rel=\"noopener\">+90 546 455 8835<\/a><br \/>\n<a href=\"tel:+905326637248\" target=\"_blank\" rel=\"noopener\">+90 532 663 7248<\/a><\/p>\n<p style=\"text-align: center;\"><a href=\"mailto:martekhv@gmail.com\">martekhv@gmail.com<\/a><\/p>\n<p style=\"text-align: center;\"><a href=\"https:\/\/api.whatsapp.com\/send?phone=+905464558835\"><img loading=\"lazy\" decoding=\"async\" class=\"alignnone wp-image-159\" src=\"http:\/\/marmarahavalandirma.com\/wp-content\/uploads\/2023\/02\/whatsapp-logo-png-2268-300x300.png\" alt=\"\" width=\"53\" height=\"53\" srcset=\"http:\/\/marmarahavalandirma.com\/wp-content\/uploads\/2023\/02\/whatsapp-logo-png-2268-300x300.png 300w, http:\/\/marmarahavalandirma.com\/wp-content\/uploads\/2023\/02\/whatsapp-logo-png-2268-150x150.png 150w, http:\/\/marmarahavalandirma.com\/wp-content\/uploads\/2023\/02\/whatsapp-logo-png-2268.png 512w\" sizes=\"auto, (max-width: 53px) 100vw, 53px\" \/><\/a><\/p>\n<p style=\"text-align: center;\"><iframe loading=\"lazy\" style=\"border: 0;\" src=\"https:\/\/www.google.com\/maps\/embed?pb=!1m14!1m8!1m3!1d3003.5876161064325!2d27.798429!3d41.165349!3m2!1i1024!2i768!4f13.1!3m3!1m2!1s0x0%3A0x77d1b23ab5843a3d!2sMARMARA%20HAVALANDIRMA!5e0!3m2!1str!2str!4v1677581121006!5m2!1str!2str\" width=\"400\" height=\"300\" allowfullscreen=\"allowfullscreen\"><\/iframe><\/p>\n<p>&nbsp;<\/p>\n","protected":false},"excerpt":{"rendered":"<p>Cemaliye Mh. Fatih Cd. No : 25\/A \u00c7ORLU \/ Tekirda\u011f +90 282 651 4600 +90 546 455 8835 +90 532 663 7248 martekhv@gmail.com &nbsp;<\/p>\n","protected":false},"author":1,"featured_media":0,"parent":0,"menu_order":0,"comment_status":"closed","ping_status":"closed","template":"page-templates\/full-width-page.php","meta":{"footnotes":""},"class_list":["post-21","page","type-page","status-publish","hentry"],"_links":{"self":[{"href":"http:\/\/marmarahavalandirma.com\/index.php?rest_route=\/wp\/v2\/pages\/21","targetHints":{"allow":["GET"]}}],"collection":[{"href":"http:\/\/marmarahavalandirma.com\/index.php?rest_route=\/wp\/v2\/pages"}],"about":[{"href":"http:\/\/marmarahavalandirma.com\/index.php?rest_route=\/wp\/v2\/types\/page"}],"author":[{"embeddable":true,"href":"http:\/\/marmarahavalandirma.com\/index.php?rest_route=\/wp\/v2\/users\/1"}],"replies":[{"embeddable":true,"href":"http:\/\/marmarahavalandirma.com\/index.php?rest_route=%2Fwp%2Fv2%2Fcomments&post=21"}],"version-history":[{"count":12,"href":"http:\/\/marmarahavalandirma.com\/index.php?rest_route=\/wp\/v2\/pages\/21\/revisions"}],"predecessor-version":[{"id":341,"href":"http:\/\/marmarahavalandirma.com\/index.php?rest_route=\/wp\/v2\/pages\/21\/revisions\/341"}],"wp:attachment":[{"href":"http:\/\/marmarahavalandirma.com\/index.php?rest_route=%2Fwp%2Fv2%2Fmedia&parent=21"}],"curies":[{"name":"wp","href":"https:\/\/api.w.org\/{rel}","templated":true}]}}