{"id":68,"date":"2023-02-27T12:47:17","date_gmt":"2023-02-27T12:47:17","guid":{"rendered":"http:\/\/marmarahavalandirma.com\/?page_id=68"},"modified":"2023-03-02T10:51:00","modified_gmt":"2023-03-02T10:51:00","slug":"colibri-wp","status":"publish","type":"page","link":"http:\/\/marmarahavalandirma.com\/","title":{"rendered":"Front Page"},"content":{"rendered":"<div data-colibri-id=\"68-c1\" class=\"style-190 style-local-68-c1 position-relative\">\n  <!---->\n  <div data-colibri-component=\"section\" data-colibri-id=\"68-c2\" id=\"portfolio\" class=\"h-section h-section-global-spacing d-flex align-items-lg-center align-items-md-center align-items-center style-342 style-local-68-c2 position-relative\">\n    <!---->\n    <!---->\n    <div class=\"h-section-grid-container h-section-boxed-container\">\n      <!---->\n      <div data-colibri-id=\"68-c3\" class=\"h-row-container gutters-row-lg-2 gutters-row-md-2 gutters-row-2 gutters-row-v-lg-2 gutters-row-v-md-2 gutters-row-v-2 style-343 style-local-68-c3 position-relative\">\n        <!---->\n        <div class=\"h-row justify-content-lg-center justify-content-md-center justify-content-center align-items-lg-stretch align-items-md-stretch align-items-stretch gutters-col-lg-2 gutters-col-md-2 gutters-col-2 gutters-col-v-lg-2 gutters-col-v-md-2 gutters-col-v-2\">\n          <!---->\n          <div class=\"h-column h-column-container d-flex h-col-lg-auto h-col-md-auto h-col-auto style-344-outer style-local-68-c4-outer\">\n            <div data-colibri-id=\"68-c4\" class=\"d-flex h-flex-basis h-column__inner h-px-lg-0 h-px-md-0 h-px-0 v-inner-lg-0 v-inner-md-0 v-inner-0 style-344 style-local-68-c4 position-relative\">\n              <!---->\n              <!---->\n              <div class=\"w-100 h-y-container h-column__content h-column__v-align flex-basis-100 align-self-lg-start align-self-md-start align-self-start\">\n                <!---->\n                <div data-colibri-id=\"68-c5\" class=\"h-row-container gutters-row-lg-0 gutters-row-md-0 gutters-row-0 gutters-row-v-lg-0 gutters-row-v-md-0 gutters-row-v-0 style-345 style-local-68-c5 position-relative\">\n                  <!---->\n                  <div class=\"h-row justify-content-lg-center justify-content-md-center justify-content-center align-items-lg-stretch align-items-md-stretch align-items-stretch gutters-col-lg-0 gutters-col-md-0 gutters-col-0 gutters-col-v-lg-0 gutters-col-v-md-0 gutters-col-v-0\">\n                    <!---->\n                    <div class=\"h-column h-column-container d-flex h-col-lg-auto h-col-md-auto h-col-auto style-346-outer style-local-68-c6-outer\">\n                      <div data-colibri-id=\"68-c6\" class=\"d-flex h-flex-basis h-column__inner h-px-lg-0 h-px-md-0 h-px-0 v-inner-lg-0 v-inner-md-0 v-inner-0 style-346 style-local-68-c6 position-relative\">\n                        <!---->\n                        <!---->\n                        <div class=\"w-100 h-y-container h-column__content h-column__v-align flex-basis-100 align-self-lg-start align-self-md-start align-self-start\">\n                          <!---->\n                          <div data-colibri-id=\"68-c7\" class=\"d-block style-384 style-local-68-c7 position-relative h-element\">\n                            <!---->\n                            <div class=\"h-image__frame-container-outer\">\n                              <div class=\"h-image__frame-container\">\n                                <!---->\n                                <!---->\n                                <img decoding=\"async\" src=\"http:\/\/marmarahavalandirma.com\/wp-content\/uploads\/2023\/02\/cropped-11-300x300.jpg\" class=\"style-384-image style-local-68-c7-image\">\n                                <div class=\"h-image__frame h-hide-lg h-hide-md h-hide-sm style-384-frameImage style-local-68-c7-frameImage\"><\/div>\n                              <\/div>\n                            <\/div>\n                          <\/div>\n                        <\/div>\n                      <\/div>\n                    <\/div>\n                    <div class=\"h-column h-column-container d-flex h-col-lg-auto h-col-md-auto h-col-auto style-352-outer style-local-68-c8-outer\">\n                      <div data-colibri-id=\"68-c8\" class=\"d-flex h-flex-basis h-column__inner h-px-lg-3 h-px-md-3 h-px-3 v-inner-lg-3 v-inner-md-3 v-inner-3 style-352 style-local-68-c8 position-relative\">\n                        <!---->\n                        <!---->\n                        <div class=\"w-100 h-y-container h-column__content h-column__v-align flex-basis-100 align-self-lg-start align-self-md-start align-self-start\">\n                          <!---->\n                          <div data-colibri-id=\"68-c9\" class=\"h-global-transition-all h-heading style-353 style-local-68-c9 position-relative h-element\">\n                            <!---->\n                            <div class=\"h-heading__outer style-353 style-local-68-c9\">\n                              <!---->\n                              <!---->\n                              <h5 class=\"\">Kalite<\/h5>\n                            <\/div>\n                          <\/div>\n                          <div data-colibri-id=\"68-c10\" class=\"h-text h-text-component style-354 style-local-68-c10 position-relative h-element\">\n                            <!---->\n                            <!---->\n                            <div class=\"\">\n                              <p><span style=\"font-weight: 400; font-size: 14px; font-family: &quot;Open Sans&quot;, sans-serif; color: rgb(118, 118, 118);\">Kalite; b\u00fcnyemizde imalat\u0131 ger\u00e7ekle\u015fen t\u00fcm malzeme ve cihazlarda g\u00fcvenirlilik esast\u0131r. Belirli periyotlarla yap\u0131lan Ar-Ge \u00e7al\u0131\u015fmalar\u0131 ile uluslaras\u0131 standartlara uygunluk \u015fart\u0131 sa\u011flanmaya \u00e7al\u0131\u015f\u0131lmakta ve t\u00fcm cihazlar sevk \u00f6ncesi kalite ve kontrolleri yap\u0131larak teslim edilmektedir.<\/span><\/p>\n                            <\/div>\n                          <\/div>\n                        <\/div>\n                      <\/div>\n                    <\/div>\n                  <\/div>\n                <\/div>\n              <\/div>\n            <\/div>\n          <\/div>\n          <div class=\"h-column h-column-container d-flex h-col-lg-auto h-col-md-auto h-col-auto style-344-outer style-local-68-c11-outer\">\n            <div data-colibri-id=\"68-c11\" class=\"d-flex h-flex-basis h-column__inner h-px-lg-0 h-px-md-0 h-px-0 v-inner-lg-0 v-inner-md-0 v-inner-0 style-344 style-local-68-c11 position-relative\">\n              <!---->\n              <!---->\n              <div class=\"w-100 h-y-container h-column__content h-column__v-align flex-basis-100 align-self-lg-start align-self-md-start align-self-start\">\n                <!---->\n                <div data-colibri-id=\"68-c12\" class=\"h-row-container gutters-row-lg-0 gutters-row-md-0 gutters-row-0 gutters-row-v-lg-0 gutters-row-v-md-0 gutters-row-v-0 style-345 style-local-68-c12 position-relative\">\n                  <!---->\n                  <div class=\"h-row justify-content-lg-center justify-content-md-center justify-content-center align-items-lg-stretch align-items-md-stretch align-items-stretch gutters-col-lg-0 gutters-col-md-0 gutters-col-0 gutters-col-v-lg-0 gutters-col-v-md-0 gutters-col-v-0\">\n                    <!---->\n                    <div class=\"h-column h-column-container d-flex h-col-lg-auto h-col-md-auto h-col-auto style-346-outer style-local-68-c13-outer\">\n                      <div data-colibri-id=\"68-c13\" class=\"d-flex h-flex-basis h-column__inner h-px-lg-0 h-px-md-0 h-px-0 v-inner-lg-0 v-inner-md-0 v-inner-0 style-346 style-local-68-c13 position-relative\">\n                        <!---->\n                        <!---->\n                        <div class=\"w-100 h-y-container h-column__content h-column__v-align flex-basis-100 align-self-lg-start align-self-md-start align-self-start\">\n                          <!---->\n                          <div data-colibri-id=\"68-c14\" class=\"d-block style-385 style-local-68-c14 position-relative h-element\">\n                            <!---->\n                            <div class=\"h-image__frame-container-outer\">\n                              <div class=\"h-image__frame-container\">\n                                <!---->\n                                <!---->\n                                <img decoding=\"async\" src=\"http:\/\/marmarahavalandirma.com\/wp-content\/uploads\/2023\/02\/cropped-z-mechanical-ventilation-critical-care-300x300.jpeg\" class=\"style-385-image style-local-68-c14-image\">\n                                <div class=\"h-image__frame h-hide-lg h-hide-md h-hide-sm style-385-frameImage style-local-68-c14-frameImage\"><\/div>\n                              <\/div>\n                            <\/div>\n                          <\/div>\n                        <\/div>\n                      <\/div>\n                    <\/div>\n                    <div class=\"h-column h-column-container d-flex h-col-lg-auto h-col-md-auto h-col-auto style-352-outer style-local-68-c15-outer\">\n                      <div data-colibri-id=\"68-c15\" class=\"d-flex h-flex-basis h-column__inner h-px-lg-3 h-px-md-3 h-px-3 v-inner-lg-3 v-inner-md-3 v-inner-3 style-352 style-local-68-c15 position-relative\">\n                        <!---->\n                        <!---->\n                        <div class=\"w-100 h-y-container h-column__content h-column__v-align flex-basis-100 align-self-lg-start align-self-md-start align-self-start\">\n                          <!---->\n                          <div data-colibri-id=\"68-c16\" class=\"h-global-transition-all h-heading style-353 style-local-68-c16 position-relative h-element\">\n                            <!---->\n                            <div class=\"h-heading__outer style-353 style-local-68-c16\">\n                              <!---->\n                              <!---->\n                              <h5 class=\"\">Uygun Fiyat<\/h5>\n                            <\/div>\n                          <\/div>\n                          <div data-colibri-id=\"68-c17\" class=\"h-text h-text-component style-354 style-local-68-c17 position-relative h-element\">\n                            <!---->\n                            <!---->\n                            <div class=\"\">\n                              <p><span style=\"font-weight: 400; font-size: 14px; font-family: &quot;Open Sans&quot;, sans-serif; color: rgb(118, 118, 118);\">\u0130stenen \u015fartlara ve kaliteye ba\u011fl\u0131 olarak tedari\u011fi sa\u011flanan t\u00fcm malzemeler i\u00e7in gerekli piyasa ara\u015ft\u0131rmalar\u0131 yap\u0131lmakta ve d\u00fc\u015f\u00fck maliyetin yans\u0131mas\u0131 m\u00fc\u015fterilerimize olumlu olarak d\u00f6nmektedir.<\/span><\/p>\n                            <\/div>\n                          <\/div>\n                        <\/div>\n                      <\/div>\n                    <\/div>\n                  <\/div>\n                <\/div>\n              <\/div>\n            <\/div>\n          <\/div>\n          <div class=\"h-column h-column-container d-flex h-col-lg-auto h-col-md-auto h-col-auto style-344-outer style-local-68-c18-outer\">\n            <div data-colibri-id=\"68-c18\" class=\"d-flex h-flex-basis h-column__inner h-px-lg-0 h-px-md-0 h-px-0 v-inner-lg-0 v-inner-md-0 v-inner-0 style-344 style-local-68-c18 position-relative\">\n              <!---->\n              <!---->\n              <div class=\"w-100 h-y-container h-column__content h-column__v-align flex-basis-100 align-self-lg-start align-self-md-start align-self-start\">\n                <!---->\n                <div data-colibri-id=\"68-c19\" class=\"h-row-container gutters-row-lg-0 gutters-row-md-0 gutters-row-0 gutters-row-v-lg-0 gutters-row-v-md-0 gutters-row-v-0 style-345 style-local-68-c19 position-relative\">\n                  <!---->\n                  <div class=\"h-row justify-content-lg-center justify-content-md-center justify-content-center align-items-lg-stretch align-items-md-stretch align-items-stretch gutters-col-lg-0 gutters-col-md-0 gutters-col-0 gutters-col-v-lg-0 gutters-col-v-md-0 gutters-col-v-0\">\n                    <!---->\n                    <div class=\"h-column h-column-container d-flex h-col-lg-auto h-col-md-auto h-col-auto style-346-outer style-local-68-c20-outer\">\n                      <div data-colibri-id=\"68-c20\" class=\"d-flex h-flex-basis h-column__inner h-px-lg-0 h-px-md-0 h-px-0 v-inner-lg-0 v-inner-md-0 v-inner-0 style-346 style-local-68-c20 position-relative\">\n                        <!---->\n                        <!---->\n                        <div class=\"w-100 h-y-container h-column__content h-column__v-align flex-basis-100 align-self-lg-start align-self-md-start align-self-start\">\n                          <!---->\n                          <div data-colibri-id=\"68-c21\" class=\"d-block style-386 style-local-68-c21 position-relative h-element\">\n                            <!---->\n                            <div class=\"h-image__frame-container-outer\">\n                              <div class=\"h-image__frame-container\">\n                                <!---->\n                                <!---->\n                                <img decoding=\"async\" src=\"http:\/\/marmarahavalandirma.com\/wp-content\/uploads\/2023\/02\/cropped-2-traditional-ventilation-grow-tent-300x300.jpeg\" class=\"style-386-image style-local-68-c21-image\">\n                                <div class=\"h-image__frame h-hide-lg h-hide-md h-hide-sm style-386-frameImage style-local-68-c21-frameImage\"><\/div>\n                              <\/div>\n                            <\/div>\n                          <\/div>\n                        <\/div>\n                      <\/div>\n                    <\/div>\n                    <div class=\"h-column h-column-container d-flex h-col-lg-auto h-col-md-auto h-col-auto style-352-outer style-local-68-c22-outer\">\n                      <div data-colibri-id=\"68-c22\" class=\"d-flex h-flex-basis h-column__inner h-px-lg-3 h-px-md-3 h-px-3 v-inner-lg-3 v-inner-md-3 v-inner-3 style-352 style-local-68-c22 position-relative\">\n                        <!---->\n                        <!---->\n                        <div class=\"w-100 h-y-container h-column__content h-column__v-align flex-basis-100 align-self-lg-start align-self-md-start align-self-start\">\n                          <!---->\n                          <div data-colibri-id=\"68-c23\" class=\"h-global-transition-all h-heading style-353 style-local-68-c23 position-relative h-element\">\n                            <!---->\n                            <div class=\"h-heading__outer style-353 style-local-68-c23\">\n                              <!---->\n                              <!---->\n                              <h5 class=\"\">\u0130\u015f Ahlak\u0131<\/h5>\n                            <\/div>\n                          <\/div>\n                          <div data-colibri-id=\"68-c24\" class=\"h-text h-text-component style-354 style-local-68-c24 position-relative h-element\">\n                            <!---->\n                            <!---->\n                            <div class=\"\">\n                              <p><span style=\"font-weight: 400; font-size: 14px; font-family: &quot;Open Sans&quot;, sans-serif; color: rgb(118, 118, 118);\">Ba\u015far\u0131n\u0131n en \u00f6nemli \u015fart\u0131 i\u015f ahlak\u0131d\u0131r. Farkl\u0131l\u0131klara, yeniliklere ve rekabete kar\u015f\u0131 her zaman sayg\u0131m\u0131z sonsuzdur. \u00c7al\u0131\u015fma d\u00fczenimizin kurallar\u0131na \u00f6zenle uymaya birbirimize olan sayg\u0131n\u0131n gere\u011fi olarak bakar\u0131z.<\/span><\/p>\n                            <\/div>\n                          <\/div>\n                        <\/div>\n                      <\/div>\n                    <\/div>\n                  <\/div>\n                <\/div>\n              <\/div>\n            <\/div>\n          <\/div>\n        <\/div>\n      <\/div>\n    <\/div>\n  <\/div>\n<\/div>","protected":false},"excerpt":{"rendered":"<p>Kalite Kalite; b\u00fcnyemizde imalat\u0131 ger\u00e7ekle\u015fen t\u00fcm malzeme ve cihazlarda g\u00fcvenirlilik esast\u0131r. Belirli periyotlarla yap\u0131lan Ar-Ge \u00e7al\u0131\u015fmalar\u0131 ile uluslaras\u0131 standartlara uygunluk \u015fart\u0131 sa\u011flanmaya \u00e7al\u0131\u015f\u0131lmakta ve t\u00fcm cihazlar sevk \u00f6ncesi kalite ve kontrolleri yap\u0131larak teslim edilmektedir. Uygun Fiyat \u0130stenen \u015fartlara ve kaliteye ba\u011fl\u0131 olarak tedari\u011fi sa\u011flanan t\u00fcm malzemeler i\u00e7in gerekli piyasa ara\u015ft\u0131rmalar\u0131 yap\u0131lmakta ve d\u00fc\u015f\u00fck maliyetin yans\u0131mas\u0131 [&hellip;]<\/p>\n","protected":false},"author":1,"featured_media":0,"parent":0,"menu_order":0,"comment_status":"closed","ping_status":"closed","template":"page-templates\/homepage.php","meta":{"footnotes":""},"class_list":["post-68","page","type-page","status-publish","hentry"],"_links":{"self":[{"href":"http:\/\/marmarahavalandirma.com\/index.php?rest_route=\/wp\/v2\/pages\/68","targetHints":{"allow":["GET"]}}],"collection":[{"href":"http:\/\/marmarahavalandirma.com\/index.php?rest_route=\/wp\/v2\/pages"}],"about":[{"href":"http:\/\/marmarahavalandirma.com\/index.php?rest_route=\/wp\/v2\/types\/page"}],"author":[{"embeddable":true,"href":"http:\/\/marmarahavalandirma.com\/index.php?rest_route=\/wp\/v2\/users\/1"}],"replies":[{"embeddable":true,"href":"http:\/\/marmarahavalandirma.com\/index.php?rest_route=%2Fwp%2Fv2%2Fcomments&post=68"}],"version-history":[{"count":20,"href":"http:\/\/marmarahavalandirma.com\/index.php?rest_route=\/wp\/v2\/pages\/68\/revisions"}],"predecessor-version":[{"id":322,"href":"http:\/\/marmarahavalandirma.com\/index.php?rest_route=\/wp\/v2\/pages\/68\/revisions\/322"}],"wp:attachment":[{"href":"http:\/\/marmarahavalandirma.com\/index.php?rest_route=%2Fwp%2Fv2%2Fmedia&parent=68"}],"curies":[{"name":"wp","href":"https:\/\/api.w.org\/{rel}","templated":true}]}}